{"id":88,"date":"2025-04-24T10:22:36","date_gmt":"2025-04-24T08:22:36","guid":{"rendered":"http:\/\/nrvbgry.cluster100.hosting.ovh.net\/?page_id=88"},"modified":"2025-04-24T14:49:35","modified_gmt":"2025-04-24T12:49:35","slug":"home","status":"publish","type":"page","link":"https:\/\/bgms.be\/index.php\/home\/","title":{"rendered":"NETWORK"},"content":{"rendered":"\n<p>UN CORE BUSINESS QUI A FAIT SES PREUVES<\/p>\n\n\n\n<ul class=\"wp-block-list\">\n<li><strong>Une centaine de partenaires, un par corps de m\u00e9tier.<\/strong><\/li>\n\n\n\n<li><strong>Un travail de r\u00e9seautage bien au point avec des m\u00e9thodes de lobbying \u00e9prouv\u00e9es selon un seul vrai credo : le WIN-WIN.<\/strong><\/li>\n\n\n\n<li><strong>Une cotisation annuelle.<\/strong><\/li>\n<\/ul>\n\n\n\n<p>\u2013 qui s\u2019amortit vite<\/p>\n\n\n\n<p>\u2013 qui pr\u00e9sente au-del\u00e0 de la relation d\u2019affaires g\u00e9n\u00e9r\u00e9e, d\u2019autres multiples avantages offerts aux partenaires.<\/p>\n\n\n\n<ul class=\"wp-block-list\">\n<li><strong>Notre meilleur repr\u00e9sentant, c\u2019est notre client !<\/strong><\/li>\n<\/ul>\n\n\n\n<p><\/p>\n","protected":false},"excerpt":{"rendered":"<p>UN CORE BUSINESS QUI A FAIT SES PREUVES \u2013 qui s\u2019amortit vite \u2013 qui pr\u00e9sente&hellip;<\/p>\n","protected":false},"author":1,"featured_media":85,"parent":0,"menu_order":0,"comment_status":"closed","ping_status":"closed","template":"","meta":{"footnotes":""},"class_list":["post-88","page","type-page","status-publish","has-post-thumbnail","hentry"],"_links":{"self":[{"href":"https:\/\/bgms.be\/index.php\/wp-json\/wp\/v2\/pages\/88","targetHints":{"allow":["GET"]}}],"collection":[{"href":"https:\/\/bgms.be\/index.php\/wp-json\/wp\/v2\/pages"}],"about":[{"href":"https:\/\/bgms.be\/index.php\/wp-json\/wp\/v2\/types\/page"}],"author":[{"embeddable":true,"href":"https:\/\/bgms.be\/index.php\/wp-json\/wp\/v2\/users\/1"}],"replies":[{"embeddable":true,"href":"https:\/\/bgms.be\/index.php\/wp-json\/wp\/v2\/comments?post=88"}],"version-history":[{"count":13,"href":"https:\/\/bgms.be\/index.php\/wp-json\/wp\/v2\/pages\/88\/revisions"}],"predecessor-version":[{"id":187,"href":"https:\/\/bgms.be\/index.php\/wp-json\/wp\/v2\/pages\/88\/revisions\/187"}],"wp:featuredmedia":[{"embeddable":true,"href":"https:\/\/bgms.be\/index.php\/wp-json\/wp\/v2\/media\/85"}],"wp:attachment":[{"href":"https:\/\/bgms.be\/index.php\/wp-json\/wp\/v2\/media?parent=88"}],"curies":[{"name":"wp","href":"https:\/\/api.w.org\/{rel}","templated":true}]}}