{"id":73,"date":"2025-04-24T10:06:14","date_gmt":"2025-04-24T08:06:14","guid":{"rendered":"http:\/\/nrvbgry.cluster100.hosting.ovh.net\/?page_id=73"},"modified":"2025-04-24T14:15:35","modified_gmt":"2025-04-24T12:15:35","slug":"events","status":"publish","type":"page","link":"https:\/\/bgms.be\/index.php\/events\/","title":{"rendered":"PRODUCTION"},"content":{"rendered":"\n<p>L&rsquo;IMAGINATION AU POUVOIR<\/p>\n\n\n\n<p>Nous mettons nos comp\u00e9tences et notre exp\u00e9rience au service de vos objectifs.<\/p>\n\n\n\n<p>Nous estimons que la communication doit \u00eatre originale, et donc attractive et ambitieuse !<\/p>\n\n\n\n<p>C&rsquo;est notre philosophie ; nous l&rsquo;appliquons et le succ\u00e8s est garanti.<\/p>\n\n\n\n<p>Notre \u00e9quipe a inclus depuis longtemps des artistes et des communicants chevron\u00e9s.<\/p>\n\n\n\n<p>Une r\u00e9flexion commune nous a amen\u00e9s \u00e0 baser notre communication sur la convivialit\u00e9, la d\u00e9rision raisonnable et l&rsquo;efficacit\u00e9. C&rsquo;est notre cr\u00e9do.<\/p>\n\n\n\n<p>Le sc\u00e9nario, les acteurs, le d\u00e9cor musical, le montage, la r\u00e9alisation, tout est l\u00e0 &#8230; !<\/p>\n\n\n\n<p>&#8230; sans oublier la technique (studio, dr\u00f4nes,&#8230;)<\/p>\n","protected":false},"excerpt":{"rendered":"<p>L&rsquo;IMAGINATION AU POUVOIR Nous mettons nos comp\u00e9tences et notre exp\u00e9rience au service de vos objectifs.&hellip;<\/p>\n","protected":false},"author":1,"featured_media":65,"parent":0,"menu_order":0,"comment_status":"closed","ping_status":"closed","template":"","meta":{"footnotes":""},"class_list":["post-73","page","type-page","status-publish","has-post-thumbnail","hentry"],"_links":{"self":[{"href":"https:\/\/bgms.be\/index.php\/wp-json\/wp\/v2\/pages\/73","targetHints":{"allow":["GET"]}}],"collection":[{"href":"https:\/\/bgms.be\/index.php\/wp-json\/wp\/v2\/pages"}],"about":[{"href":"https:\/\/bgms.be\/index.php\/wp-json\/wp\/v2\/types\/page"}],"author":[{"embeddable":true,"href":"https:\/\/bgms.be\/index.php\/wp-json\/wp\/v2\/users\/1"}],"replies":[{"embeddable":true,"href":"https:\/\/bgms.be\/index.php\/wp-json\/wp\/v2\/comments?post=73"}],"version-history":[{"count":6,"href":"https:\/\/bgms.be\/index.php\/wp-json\/wp\/v2\/pages\/73\/revisions"}],"predecessor-version":[{"id":163,"href":"https:\/\/bgms.be\/index.php\/wp-json\/wp\/v2\/pages\/73\/revisions\/163"}],"wp:featuredmedia":[{"embeddable":true,"href":"https:\/\/bgms.be\/index.php\/wp-json\/wp\/v2\/media\/65"}],"wp:attachment":[{"href":"https:\/\/bgms.be\/index.php\/wp-json\/wp\/v2\/media?parent=73"}],"curies":[{"name":"wp","href":"https:\/\/api.w.org\/{rel}","templated":true}]}}