{"id":51,"date":"2025-04-24T09:21:18","date_gmt":"2025-04-24T07:21:18","guid":{"rendered":"http:\/\/nrvbgry.cluster100.hosting.ovh.net\/?page_id=51"},"modified":"2025-12-11T14:38:17","modified_gmt":"2025-12-11T13:38:17","slug":"network","status":"publish","type":"page","link":"https:\/\/bgms.be\/index.php\/network\/","title":{"rendered":"EVENTS"},"content":{"rendered":"\n<p><\/p>\n\n\n\n<h1 class=\"wp-block-heading has-text-align-left\">BGMS EST CREATEUR D&rsquo;EVENEMENT ET FAIT PROFITER SES MEMBRES DE SON EXPERIENCE<\/h1>\n\n\n\n<p><\/p>\n\n\n\n<div style=\"height:100px\" aria-hidden=\"true\" class=\"wp-block-spacer\"><\/div>\n\n\n\n<h2 class=\"wp-block-heading\">avec&#8230; Tomorrowland<\/h2>\n\n\n\n<figure class=\"wp-block-video\"><video height=\"480\" style=\"aspect-ratio: 850 \/ 480;\" width=\"850\" controls src=\"https:\/\/bgms.be\/wp-content\/uploads\/2025\/05\/TOMORROWLAND-mp4.mp4\"><\/video><\/figure>\n\n\n\n<p>Un \u00e9v\u00e9nement exceptionnel au c\u0153ur du plus grand festival du monde. Pour cette \u00e9dition 2025, nous avons le plaisir d&rsquo;inviter 140 chefs d&rsquo;entreprise \u00e0 vivre l&rsquo;exp\u00e9rience Tomorrowland ! Nous sommes ravis de compter\u00a0parmi nos participants\u00a0nos membres fid\u00e8les, nos apporteurs d\u2019affaires et nos partenaires\u00a0afin de partager cette aventure unique et inoubliable !<\/p>\n\n\n\n<h2 class=\"wp-block-heading\">avec&#8230; L&rsquo;Exposition Universelle d&rsquo;Osaka<\/h2>\n\n\n\n<figure class=\"wp-block-video\"><video height=\"360\" style=\"aspect-ratio: 636 \/ 360;\" width=\"636\" controls src=\"https:\/\/bgms.be\/wp-content\/uploads\/2025\/05\/OSAKA-avril2025.mp4\"><\/video><\/figure>\n\n\n\n<p>L&rsquo;Exposition Universelle d&rsquo;Osaka 2025, un \u00e9v\u00e9nement networking majeur qui a r\u00e9uni plus de 200 chefs d&rsquo;entreprise  autour de l&rsquo;innovation et du futur. Bien plus qu&rsquo;une exposition, ce fut le lieu d&rsquo;une exp\u00e9rience business et culturelle inoubliable au c\u0153ur du Japon !<\/p>\n\n\n\n<p><\/p>\n\n\n\n<h2 class=\"wp-block-heading\">avec&#8230; La soir\u00e9e comm\u00e9morative \u00ab\u00a0Build&amp;connect gourmet\u00a0\u00bb<\/h2>\n\n\n\n<figure class=\"wp-block-video\"><video height=\"850\" style=\"aspect-ratio: 1512 \/ 850;\" width=\"1512\" controls src=\"https:\/\/bgms.be\/wp-content\/uploads\/2025\/05\/Churchill-2.mp4\"><\/video><\/figure>\n\n\n\n<p>Ce 23 janvier 2025, 450 chefs d&rsquo;entreprise ont c\u00e9l\u00e9br\u00e9 l&rsquo;esprit visionnaire de Churchill \u00e0 travers une exp\u00e9rience gastronomique d&rsquo;exception.<\/p>\n\n\n\n<h2 class=\"wp-block-heading\">avec&#8230; L&rsquo;Inauguration du Pont des Trous 2023<\/h2>\n\n\n\n<figure class=\"wp-block-video\"><video controls src=\"https:\/\/bgms.be\/wp-content\/uploads\/2025\/04\/Inauguration-du-pont-des-trous-Aftermovie-Samedi-15-avril-2023-2.mp4\"><\/video><\/figure>\n\n\n\n<p>Retour en images sur l&rsquo;\u00e9v\u00e9nement inaugural grand public qui a marqu\u00e9 la fin du chantier de Modernisation de la Travers\u00e9e de Tournai.  1400 entreprises r\u00e9unies autour d&rsquo;un repas V.I.P. <\/p>\n\n\n\n<p>Plus de 10 000 personnes ont assist\u00e9 \u00e0 un concert de plusieurs DJs venus mixer du haut de la tour situ\u00e9e en rive droite, ainsi qu&rsquo;\u00e0 un d\u00e9fil\u00e9 de bateaux retra\u00e7ant l&rsquo;\u00e9volution des gabarits de navigation \u00e0 travers le temps. La soir\u00e9e s&rsquo;est poursuivie en musique et au travers d&rsquo;un spectacle de mapping historique projet\u00e9 sur la face extra-muros de l&rsquo;\u00e9difice.<\/p>\n\n\n\n<h2 class=\"wp-block-heading\">avec&#8230; L&rsquo;Exposition Universelle de Duba\u00ef <\/h2>\n\n\n\n<figure class=\"wp-block-video\"><video controls src=\"https:\/\/bgms.be\/wp-content\/uploads\/2025\/04\/DUBAI-2020-3.mp4\"><\/video><\/figure>\n\n\n\n<p><strong>\u00ab\u00a0Connecter les esprits, Cr\u00e9er l&rsquo;avenir\u00a0\u00bb<\/strong><\/p>\n\n\n\n<p>Plus de 190 pays ont particip\u00e9 \u00e0 cette Exposition Universelle s&rsquo;\u00e9tendant sur 438 hectares dans le sud de Duba\u00ef.<\/p>\n\n\n\n<p>Un networking o\u00f9 BGMS a pu r\u00e9unir pas moins de 132 entreprises belges.<\/p>\n\n\n\n<p><\/p>\n\n\n\n<h2 class=\"wp-block-heading\">avec&#8230; Londres<\/h2>\n\n\n\n<figure class=\"wp-block-video\"><video controls src=\"https:\/\/bgms.be\/wp-content\/uploads\/2025\/04\/Westham-United-London.mp4\"><\/video><\/figure>\n\n\n\n<p>En exclusivit\u00e9 pour ses membres, il vous offre un s\u00e9jour dans la capitale anglaise (et son football) comme vous ne la verrez plus jamais.<\/p>\n\n\n\n<p>Le s\u00e9jour comprend le transport, le logement avec le traditionnel \u00ab\u00a0full english breakfast\u00a0\u00bb et l&rsquo;entr\u00e9e \u00e0 l&rsquo;Olympic Stadium pour une rencontre de West-Ham United.<\/p>\n\n\n\n<p><\/p>\n\n\n\n<p><\/p>\n\n\n\n<h2 class=\"wp-block-heading\">avec&#8230; Dinner In The Sky au Pass<\/h2>\n\n\n\n<figure class=\"wp-block-video\"><video controls src=\"https:\/\/bgms.be\/wp-content\/uploads\/2025\/04\/Dinner-In-The-Sky-au-Pass.mp4\"><\/video><\/figure>\n\n\n\n<p><strong>Des relations d&rsquo;affaires dans un contexte :<\/strong><\/p>\n\n\n\n<p>* de f\u00eate : des concerts, des bars, des stands<\/p>\n\n\n\n<p>* de gastronomie : 12.000 repas au \u00ab\u00a0Walking Village\u00a0\u00bb et 2100 repas \u00e9toil\u00e9s aux restaurants gastonomiques (sur terre et dans les airs).<\/p>\n\n\n\n<p><\/p>\n\n\n\n<h2 class=\"wp-block-heading\">avec&#8230; Eole Quevy Dinner<\/h2>\n\n\n\n<figure class=\"wp-block-video\"><video controls src=\"https:\/\/bgms.be\/wp-content\/uploads\/2025\/04\/Soiree-Chant-dEole-360p.mp4\"><\/video><\/figure>\n\n\n\n<p>Une aventure extraordinaire au Parc d&rsquo;Aventures Scientifiques (PASS) de 2015 \u00e0 2017.<\/p>\n\n\n\n<p>Apr\u00e8s Dinner In The Sky au Pass, BGMS garde les ingr\u00e9dients mais change de d\u00e9cor !<\/p>\n\n\n\n<p><\/p>\n\n\n\n<h2 class=\"wp-block-heading\">avec&#8230; Charming Lakes<\/h2>\n\n\n\n<figure class=\"wp-block-video\"><video controls src=\"https:\/\/bgms.be\/wp-content\/uploads\/2025\/04\/lakers.mp4\"><\/video><\/figure>\n\n\n\n<p>Une premi\u00e8re aux Lacs de l&rsquo;Eau d&rsquo;Heure !  La gastronomie s&rsquo;invite au bord de l&rsquo;eau avec le concept.<\/p>\n\n\n\n<p><\/p>\n\n\n\n<h2 class=\"wp-block-heading\">avec&#8230; du 100% BGMS indispensable \u00e0 votre business<\/h2>\n\n\n\n<figure class=\"wp-block-video\"><video controls src=\"https:\/\/bgms.be\/wp-content\/uploads\/2025\/04\/BGMS.mp4\"><\/video><\/figure>\n\n\n\n<p>Des organisations privil\u00e9gi\u00e9es r\u00e9serv\u00e9es aux seuls membres pour leurs relations d&rsquo;affaires !<\/p>\n","protected":false},"excerpt":{"rendered":"<p>BGMS EST CREATEUR D&rsquo;EVENEMENT ET FAIT PROFITER SES MEMBRES DE SON EXPERIENCE avec&#8230; Tomorrowland Un&hellip;<\/p>\n","protected":false},"author":1,"featured_media":160,"parent":0,"menu_order":0,"comment_status":"closed","ping_status":"closed","template":"page-templates\/empty-page.php","meta":{"footnotes":""},"class_list":["post-51","page","type-page","status-publish","has-post-thumbnail","hentry"],"_links":{"self":[{"href":"https:\/\/bgms.be\/index.php\/wp-json\/wp\/v2\/pages\/51","targetHints":{"allow":["GET"]}}],"collection":[{"href":"https:\/\/bgms.be\/index.php\/wp-json\/wp\/v2\/pages"}],"about":[{"href":"https:\/\/bgms.be\/index.php\/wp-json\/wp\/v2\/types\/page"}],"author":[{"embeddable":true,"href":"https:\/\/bgms.be\/index.php\/wp-json\/wp\/v2\/users\/1"}],"replies":[{"embeddable":true,"href":"https:\/\/bgms.be\/index.php\/wp-json\/wp\/v2\/comments?post=51"}],"version-history":[{"count":51,"href":"https:\/\/bgms.be\/index.php\/wp-json\/wp\/v2\/pages\/51\/revisions"}],"predecessor-version":[{"id":265,"href":"https:\/\/bgms.be\/index.php\/wp-json\/wp\/v2\/pages\/51\/revisions\/265"}],"wp:featuredmedia":[{"embeddable":true,"href":"https:\/\/bgms.be\/index.php\/wp-json\/wp\/v2\/media\/160"}],"wp:attachment":[{"href":"https:\/\/bgms.be\/index.php\/wp-json\/wp\/v2\/media?parent=51"}],"curies":[{"name":"wp","href":"https:\/\/api.w.org\/{rel}","templated":true}]}}