{"id":208,"date":"2025-05-16T11:13:44","date_gmt":"2025-05-16T09:13:44","guid":{"rendered":"https:\/\/bgms.be\/?page_id=208"},"modified":"2025-12-11T15:11:42","modified_gmt":"2025-12-11T14:11:42","slug":"qui-sommes-nous","status":"publish","type":"page","link":"https:\/\/bgms.be\/","title":{"rendered":"QUI SOMMES-NOUS"},"content":{"rendered":"\n<h2 class=\"wp-block-heading\">Qui sommes-nous<\/h2>\n\n\n\n<p><strong><br>Un groupement d\u2019int\u00e9r\u00eats \u00e9conomiques dans lequel VOTRE entreprise joue un r\u00f4le majeur.<br>VOTRE secteur d\u2019activit\u00e9 y est en p\u00f4le position.<\/strong><br><\/p>\n\n\n\n<ul class=\"wp-block-list\">\n<li><strong>Il est mis en valeur&nbsp;par :<\/strong><\/li>\n\n\n\n<li><strong>un carnet d\u2019adresses sans pareil.<\/strong><\/li>\n\n\n\n<li><strong>tous les supports m\u00e9dias que nous activons pour vous.<\/strong><\/li>\n\n\n\n<li><strong>le s\u00e9rieux de notre d\u00e9marche et notre professionnalisme.<\/strong><\/li>\n\n\n\n<li><strong>l\u2019originalit\u00e9 et la vari\u00e9t\u00e9 de nos champs d\u2019action bas\u00e9s sur les concepts de club affaires, s\u00e9minaires, conf\u00e9rences, visites, events culturels ou sportifs<\/strong><strong>.<\/strong><\/li>\n\n\n\n<li><strong>une charte de fonctionnement bas\u00e9e sur :<\/strong><br>\u2013 La transversalit\u00e9.<br>\u2013 La transparence.<br>\u2013 L\u2019\u00e9change d\u2019exp\u00e9riences.<br>\u2013 Le savoir faire.<br>\u2013 La confiance.<br>\u2013 L\u2019estime et le respect mutuel.<br><\/li>\n\n\n\n<li><strong>LE WIN-WIN EST NOTRE \u00ab&nbsp;RELIGION&nbsp;\u00bb<\/strong><a href=\"https:\/\/bgms.be\/#search-close\"><\/a><a href=\"https:\/\/bgms.be\/#search-close\"><\/a><\/li>\n<\/ul>\n\n\n\n<p><\/p>\n","protected":false},"excerpt":{"rendered":"<p>Qui sommes-nous Un groupement d\u2019int\u00e9r\u00eats \u00e9conomiques dans lequel VOTRE entreprise joue un r\u00f4le majeur.VOTRE secteur&hellip;<\/p>\n","protected":false},"author":1,"featured_media":230,"parent":0,"menu_order":0,"comment_status":"closed","ping_status":"closed","template":"","meta":{"footnotes":""},"class_list":["post-208","page","type-page","status-publish","has-post-thumbnail","hentry"],"_links":{"self":[{"href":"https:\/\/bgms.be\/index.php\/wp-json\/wp\/v2\/pages\/208","targetHints":{"allow":["GET"]}}],"collection":[{"href":"https:\/\/bgms.be\/index.php\/wp-json\/wp\/v2\/pages"}],"about":[{"href":"https:\/\/bgms.be\/index.php\/wp-json\/wp\/v2\/types\/page"}],"author":[{"embeddable":true,"href":"https:\/\/bgms.be\/index.php\/wp-json\/wp\/v2\/users\/1"}],"replies":[{"embeddable":true,"href":"https:\/\/bgms.be\/index.php\/wp-json\/wp\/v2\/comments?post=208"}],"version-history":[{"count":7,"href":"https:\/\/bgms.be\/index.php\/wp-json\/wp\/v2\/pages\/208\/revisions"}],"predecessor-version":[{"id":271,"href":"https:\/\/bgms.be\/index.php\/wp-json\/wp\/v2\/pages\/208\/revisions\/271"}],"wp:featuredmedia":[{"embeddable":true,"href":"https:\/\/bgms.be\/index.php\/wp-json\/wp\/v2\/media\/230"}],"wp:attachment":[{"href":"https:\/\/bgms.be\/index.php\/wp-json\/wp\/v2\/media?parent=208"}],"curies":[{"name":"wp","href":"https:\/\/api.w.org\/{rel}","templated":true}]}}